{"id":604,"date":"2025-05-21T09:59:47","date_gmt":"2025-05-21T09:59:47","guid":{"rendered":"https:\/\/shop.critdor.com\/aviso-legal\/"},"modified":"2025-07-04T17:35:49","modified_gmt":"2025-07-04T17:35:49","slug":"aviso-legal","status":"publish","type":"page","link":"https:\/\/shop.critdor.com\/es\/aviso-legal\/","title":{"rendered":"Aviso legal"},"content":{"rendered":"\n<h2 class=\"gb-text gb-text-391f74bb\">INTRODUCCI\u00d3N<\/h2>\n\n<p>En cumplimiento de la Ley 34\/2002, de 11 de julio, de Servicios de la Sociedad de la Informaci\u00f3n y de Comercio Electr\u00f3nico (LSSI-CE), CRIT D&#8217;OR, S.L. informa que es titular del sitio web. De acuerdo con la exigencia del art\u00edculo 10 de la citada Ley, CRIT D&#8217;OR, S.L. informa de los siguientes datos:<\/p>\n\n<ul class=\"wp-block-list\">\n<li><strong>RAZ\u00d3N SOCIAL:<\/strong> CRIT D&#8217;OR, S.L.<\/li>\n\n\n\n<li><strong>NIF<\/strong> : B60307212<\/li>\n\n\n\n<li><strong>DIRECCI\u00d3N POSTAL:<\/strong> AV. EUROPA, 14-16 08401, GRANOLLERS (BARCELONA)<\/li>\n\n\n\n<li><strong>DIRECCI\u00d3N ELECTR\u00d3NICA:<\/strong> info@critdor.com<\/li>\n\n\n\n<li><strong>TEL\u00c9FONOS<\/strong> : 938707799<\/li>\n\n\n\n<li><strong>REGISTRO MERCANTIL:<\/strong> tomo 25.643, folio 92.338, Secci\u00f3n General e Inscripci\u00f3n 1a.<\/li>\n\n\n\n<li><strong>OBJETO PRINCIPAL:<\/strong> Fabricaci\u00f3n de especialidades de frutos secos.<\/li>\n<\/ul>\n\n<h2 class=\"gb-text gb-text-e233b5e1\">USUARIO Y R\u00c9GIMEN DE RESPONSABILIDADES<\/h2>\n\n<p>La navegaci\u00f3n, acceso y uso por el sitio web de CRIT D&#8217;OR, S.L. confiere la condici\u00f3n de usuario, por la que se aceptan, desde la navegaci\u00f3n por el sitio web de CRIT D&#8217;OR, S.L., todas las condiciones de uso aqu\u00ed establecidas sin perjuicio de la aplicaci\u00f3n de la correspondiente normativa de obligado cumplimiento legal seg\u00fan el caso.<\/p>\n\n<p>El sitio web de CRIT D&#8217;OR, S.L. proporciona gran diversidad de informaci\u00f3n, servicios y datos. El usuario asume su responsabilidad en el correcto uso del sitio web. Esta responsabilidad se extender\u00e1 a:<\/p>\n\n<p>La veracidad y licitud de las informaciones aportadas por el usuario en los formularios extendidos por CRIT D&#8217;OR, S.L. para el acceso a ciertos contenidos o servicios ofrecidos por la web.<\/p>\n\n<p>El uso de la informaci\u00f3n, servicios y datos ofrecidos por CRIT D&#8217;OR, S.L. contrariamente a lo dispuesto por las presentes condiciones, la Ley, la moral, las buenas costumbres o el orden p\u00fablico, o que de cualquier otra forma puedan suponer lesi\u00f3n de los derechos de terceros o del mismo funcionamiento del sitio web.<\/p>\n\n<h2 class=\"gb-text gb-text-8b427860\">POL\u00cdTICA DE ENLACES Y EXENCIONES DE RESPONSABILIDAD<\/h2>\n\n<p>CRIT D&#8217;OR, S.L. no se hace responsable del contenido de los sitios web a los que el usuario pueda acceder a trav\u00e9s de los enlaces establecidos en su sitio web y declara que en ning\u00fan caso proceder\u00e1 a examinar o ejercitar ning\u00fan tipo de control sobre el contenido de otros sitios de la red. Asimismo, tampoco garantizar\u00e1 la disponibilidad t\u00e9cnica, exactitud, veracidad, validez o legalidad de sitios ajenos a su propiedad a los que se pueda acceder por medio de los enlaces. CRIT D&#8217;OR, S.L. declara haber adoptado todas las medidas necesarias para evitar cualquier da\u00f1o a los usuarios de su sitio web, que pudieran derivarse de la navegaci\u00f3n por su sitio web. En consecuencia, CRIT D&#8217;OR, S.L. no se hace responsable, en ning\u00fan caso, de los eventuales da\u00f1os que por la navegaci\u00f3n por Internet pudiera sufrir el usuario.<\/p>\n\n<h2 class=\"gb-text gb-text-08fe4f44\">MODIFICACIONES<\/h2>\n\n<p>CRIT D&#8217;OR, S.L. se reserva el derecho a realizar las modificaciones que considere oportunas, sin previo aviso, en el contenido de su sitio web. Tanto en lo referente a los contenidos del sitio web, como en las condiciones de uso del mismo, o en las condiciones generales de contrataci\u00f3n. Estas modificaciones podr\u00e1n realizarse a trav\u00e9s de su sitio web por cualquier forma admisible en derecho y ser\u00e1n de obligado cumplimiento durante el tiempo en que se encuentren publicadas en la web y hasta que no sean modificadas v\u00e1lidamente por otras posteriores.<\/p>\n\n<h2 class=\"gb-text gb-text-2b28f082\">PROPIEDAD INTELECTUAL E INDUSTRIAL<\/h2>\n\n<p>CRIT D&#8217;OR, S.L. por s\u00ed misma o como cesionaria, es titular de todos los derechos de propiedad intelectual e industrial de su p\u00e1gina web, as\u00ed como de los elementos contenidos en la misma (a t\u00edtulo enunciativo, im\u00e1genes, sonido, audio, v\u00eddeo, software o textos; marcas o logotipos, combinaciones de colores, estructura y dise\u00f1o, selecci\u00f3n de materiales usados, programas de ordenador necesarios para su funcionamiento y uso, etc.), titularidad de CRIT D&#8217;OR, S.L. Ser\u00e1n, por consiguiente, obras protegidas como propiedad intelectual por el ordenamiento jur\u00eddico espa\u00f1ol, si\u00e9ndoles aplicables tanto la normativa espa\u00f1ola y comunitaria en este campo, como los tratados internacionales relativos a la materia y suscritos por Espa\u00f1a.<\/p>\n\n<p>Todos los derechos reservados. En virtud de lo dispuesto en la Ley de Propiedad Intelectual, quedan expresamente prohibidas la reproducci\u00f3n, distribuci\u00f3n y comunicaci\u00f3n p\u00fablica, incluida su modalidad de puesta a disposici\u00f3n, de la totalidad o parte de los contenidos de esta p\u00e1gina web, con fines comerciales, en cualquier soporte y por cualquier medio t\u00e9cnico, sin la autorizaci\u00f3n de CRIT D&#8217;OR, S.L..<\/p>\n\n<p>El usuario se compromete a respetar los derechos de Propiedad Intelectual e Industrial titularidad de CRIT D&#8217;OR, S.L.. Podr\u00e1 visualizar los elementos del portal e incluso imprimirlos, copiarlos y almacenarlos en el disco duro de su ordenador o en cualquier otro soporte f\u00edsico siempre que sea exclusivamente para su uso personal y privado. El usuario deber\u00e1 abstenerse de suprimir, alterar, eludir o manipular cualquier dispositivo de protecci\u00f3n o sistema de seguridad que estuviera instalado en las p\u00e1ginas de CRIT D&#8217;OR, S.L..<\/p>\n\n<h2 class=\"gb-text gb-text-0bc7e0a1\">CERTIFICADO SSL (SECURE SOCKETS LAYER)<\/h2>\n\n<p>El CERTIFICADO SSL proporciona autenticaci\u00f3n, privacidad y seguridad de la informaci\u00f3n entre CRIT D&#8217;OR, S.L. y el usuario.<\/p>\n\n<p>CRIT D&#8217;OR, S.L. dispone de un certificado de seguridad que se utiliza por CERTIFICADO SSL para realizar conexiones seguras.<\/p>\n\n<p>En este proceso se establecen varios par\u00e1metros para realizar la conexi\u00f3n de forma segura y se establece usando claves preestablecidas, codificando y decodificando todos los datos enviados hasta que la conexi\u00f3n sea cerrada.<\/p>\n\n<h2 class=\"gb-text gb-text-11264386\">ACCIONES LEGALES, LEGISLACI\u00d3N APLICABLE Y JURISDICCI\u00d3N<\/h2>\n\n<p>CRIT D&#8217;OR, S.L. se reserva, asimismo, la facultad de presentar las acciones civiles o penales que considere oportunas por la utilizaci\u00f3n indebida de su sitio web y contenidos, o por el incumplimiento de las presentes condiciones.<\/p>\n\n<p>La relaci\u00f3n entre el usuario y el prestamista se regir\u00e1 por la normativa vigente y de aplicaci\u00f3n en territorio espa\u00f1ol. De surgir cualquier controversia las partes podr\u00e1n someter sus conflictos a arbitraje o acudir a la jurisdicci\u00f3n ordinaria cumpliendo con las normas sobre jurisdicci\u00f3n y competencia al respecto. CRIT D&#8217;OR, S.L. tiene su domicilio en BARCELONA, Espa\u00f1a.<\/p>\n","protected":false},"excerpt":{"rendered":"<p>INTRODUCCI\u00d3N En cumplimiento de la Ley 34\/2002, de 11 de julio, de Servicios de la Sociedad de la Informaci\u00f3n y de Comercio Electr\u00f3nico (LSSI-CE), CRIT D&#8217;OR, S.L. informa que es titular del sitio web. De acuerdo con la exigencia del art\u00edculo 10 de la citada Ley, CRIT D&#8217;OR, S.L. informa de los siguientes datos: USUARIO &#8230; <a title=\"Aviso legal\" class=\"read-more\" href=\"https:\/\/shop.critdor.com\/es\/aviso-legal\/\" aria-label=\"Leer m\u00e1s sobre Aviso legal\">Leer m\u00e1s<\/a><\/p>\n","protected":false},"author":1,"featured_media":0,"parent":0,"menu_order":0,"comment_status":"closed","ping_status":"closed","template":"","meta":{"_acf_changed":false,"footnotes":""},"class_list":["post-604","page","type-page","status-publish"],"acf":[],"_links":{"self":[{"href":"https:\/\/shop.critdor.com\/es\/wp-json\/wp\/v2\/pages\/604","targetHints":{"allow":["GET"]}}],"collection":[{"href":"https:\/\/shop.critdor.com\/es\/wp-json\/wp\/v2\/pages"}],"about":[{"href":"https:\/\/shop.critdor.com\/es\/wp-json\/wp\/v2\/types\/page"}],"author":[{"embeddable":true,"href":"https:\/\/shop.critdor.com\/es\/wp-json\/wp\/v2\/users\/1"}],"replies":[{"embeddable":true,"href":"https:\/\/shop.critdor.com\/es\/wp-json\/wp\/v2\/comments?post=604"}],"version-history":[{"count":1,"href":"https:\/\/shop.critdor.com\/es\/wp-json\/wp\/v2\/pages\/604\/revisions"}],"predecessor-version":[{"id":605,"href":"https:\/\/shop.critdor.com\/es\/wp-json\/wp\/v2\/pages\/604\/revisions\/605"}],"wp:attachment":[{"href":"https:\/\/shop.critdor.com\/es\/wp-json\/wp\/v2\/media?parent=604"}],"curies":[{"name":"wp","href":"https:\/\/api.w.org\/{rel}","templated":true}]}}