{"id":610,"date":"2025-05-21T10:17:18","date_gmt":"2025-05-21T10:17:18","guid":{"rendered":"https:\/\/shop.critdor.com\/politica-de-cookies\/"},"modified":"2025-07-04T17:40:11","modified_gmt":"2025-07-04T17:40:11","slug":"politica-de-cookies","status":"publish","type":"page","link":"https:\/\/shop.critdor.com\/es\/politica-de-cookies\/","title":{"rendered":"Pol\u00edtica de cookies"},"content":{"rendered":"\n<p>Conforme a lo dispuesto en el art\u00edculo 22.2 de la Ley 34\/2002, de 11 de julio, de Servicios de la Sociedad de la Informaci\u00f3n y de Comercio Electr\u00f3nico (LSSI-CE) vigente, CRIT D&#8217;OR, S.L. debe cumplir con la obligaci\u00f3n de informar sobre las cookies que utiliza y sus finalidades.<\/p>\n\n<p>Este sitio web utiliza cookies y\/o tecnolog\u00edas similares que almacenan y recuperan informaci\u00f3n cuando navegas.<\/p>\n\n<p>Las cookies permiten a una p\u00e1gina web, entre otras cosas, almacenar y recuperar informaci\u00f3n sobre los h\u00e1bitos de navegaci\u00f3n de un Usuario o de su equipo y, dependiendo de la informaci\u00f3n que contenga y de la forma en que utilice su equipo, pueden utilizarse para reconocer al Usuario.<\/p>\n\n<p>Las cookies son esenciales para el funcionamiento de internet, aportando innumerables ventajas en la prestaci\u00f3n de servicios interactivos, facilit\u00e1ndole al Usuario la navegaci\u00f3n y usabilidad de nuestra web.<\/p>\n\n<p>El usuario puede modificar la configuraci\u00f3n personalizada en el banner de cookies.<\/p>\n\n<h2 class=\"gb-text gb-text-b3dcd5c4\">TIPO DE COOKIES<\/h2>\n\n<h3 class=\"gb-text\"><br>Seg\u00fan la entidad que las gestione<\/h3>\n\n<ul class=\"wp-block-list\">\n<li>COOKIES PROPIAS: Son aquellas que se env\u00edan al equipo terminal del usuario desde un equipo o dominio gestionado por el propio editor y desde el que se presta el servicio solicitado por el usuario.<br\/><\/li>\n\n\n\n<li>COOKIES DE TERCEROS: Son aquellas que se env\u00edan al equipo terminal del usuario desde un equipo o dominio que no es gestionado por el editor, sino por otra entidad que trata los datos obtenidos a trav\u00e9s de las cookies.<\/li>\n<\/ul>\n\n<h3 class=\"gb-text gb-text-88f6a360\">Seg\u00fan el plazo de tiempo que est\u00e9n activas<\/h3>\n\n<ul class=\"wp-block-list\">\n<li>COOKIES DE SESI\u00d3N: Son aquellas dise\u00f1adas para recabar y almacenar datos mientras el usuario accede a una p\u00e1gina web. Se suelen utilizar para almacenar informaci\u00f3n que s\u00f3lo interesa conservar para la prestaci\u00f3n del servicio solicitado por el usuario en una sola ocasi\u00f3n (por ejemplo, una lista de productos adquiridos) y desaparecen al finalizar la sesi\u00f3n. <br\/><\/li>\n\n\n\n<li>COOKIES PERSISTENTES: Son aquellas en las que los datos siguen almacenados en el terminal y pueden ser accedidos y tratados durante un per\u00edodo definido por el responsable de la cookie, y que puede ir de unos minutos a varios a\u00f1os.<\/li>\n<\/ul>\n\n<h3 class=\"gb-text gb-text-c313d3b1\">Seg\u00fan la finalidad<\/h3>\n\n<ul class=\"wp-block-list\">\n<li>COOKIES T\u00c9CNICAS: Son aqu\u00e9llas que permiten al usuario la navegaci\u00f3n a trav\u00e9s de una p\u00e1gina web, plataforma o aplicaci\u00f3n y la utilizaci\u00f3n de las diferentes opciones o servicios que en ella existan.<br\/><\/li>\n\n\n\n<li>COOKIES DE PERSONALIZACI\u00d3N: Permiten aplicar caracter\u00edsticas propias para la navegaci\u00f3n del usuario por el website (Ej. idioma).<br\/><\/li>\n\n\n\n<li>COOKIES DE AN\u00c1LISIS: Son aqu\u00e9llas que permiten al responsable de las mismas el seguimiento y an\u00e1lisis del comportamiento de los usuarios de los sitios web a los que est\u00e1n vinculadas, incluida la cuantificaci\u00f3n de los impactos de los anuncios. La informaci\u00f3n recogida mediante este tipo de cookies se utiliza en la medici\u00f3n de la actividad de los sitios web, aplicaci\u00f3n o plataforma, con el fin de introducir mejoras en funci\u00f3n del an\u00e1lisis de los datos de uso que realizan los usuarios del servicio. <br\/><\/li>\n\n\n\n<li>COOKIES PUBLICITARIAS: Permiten al editor incluir en su p\u00e1gina web espacios publicitarios, seg\u00fan el contenido de la propia web.<br\/><\/li>\n\n\n\n<li>COOKIES DE PUBLICIDAD COMPORTAMENTAL: Son aqu\u00e9llas que almacenan informaci\u00f3n del comportamiento de los usuarios obtenida a trav\u00e9s de la observaci\u00f3n continuada de sus h\u00e1bitos de navegaci\u00f3n, lo que permite desarrollar un perfil espec\u00edfico para mostrar publicidad en funci\u00f3n del mismo.<\/li>\n<\/ul>\n\n<p>Adicionalmente, CRIT D&#8217;OR, SL informa de forma m\u00e1s detallada de las cookies que utiliza sus titulares, el uso o finalidad concreta, los plazos de conservaci\u00f3n as\u00ed como de las Transferencias Internacionales de datos de cada una de ellas utilizadas en nuestra p\u00e1gina web:<\/p>\n\n<p>CRIT D&#8217;OR informa de forma m\u00e1s exhaustiva la informaci\u00f3n relativa a las transferencias internacionales derivadas de la utilizaci\u00f3n de cookies propias:<\/p>\n\n<p><em>** Puede informarse de las transferencias internacionales a terceros pa\u00edses que, en su caso, realizan los TERCERS identificados en esta pol\u00edtica de cookies en sus correspondientes pol\u00edticas (hacer clic sobre el titular de la cookie) **<\/em><\/p>\n\n<p>CRIT D&#8217;OR informa de forma m\u00e1s exhaustiva la informaci\u00f3n relativa a las transferencias internacionales derivadas de la utilizaci\u00f3n de cookies propias:<\/p>\n\n<figure class=\"wp-block-table\"><table><tbody><tr><td>\u00a0<\/td><td><strong>Nombre<\/strong><\/td><td><strong>Proveedor<\/strong><\/td><td><strong>\u00bfQu\u00e9 hace<\/strong><\/td><td><strong>Expiraci\u00f3n<\/strong><\/td><\/tr><tr><td><strong>Necesarias<\/strong><\/td><td>Carrito de la compra<\/td><td>Woocommerce<\/td><td><br\/>Esto proporciona y mantiene los productos dentro de la cesta de la compra. La desactivaci\u00f3n de esta cookie dejar\u00eda de permitir las \u00f3rdenes. Esta cookie no guarda ning\u00fan dato personal sobre ning\u00fan cliente de la tienda.  <br\/><\/td><td>30 d\u00edas<\/td><\/tr><tr><td><strong>Preferencias<\/strong><\/td><td>Selector de moneda<\/td><td>Woocommerce<\/td><td><br\/>Cookie que hace posible elegir la moneda que desea. Si est\u00e1 deshabilitado, se mostrar\u00e1 la moneda predeterminada de la tienda. <br\/><\/td><td>30 d\u00edas<\/td><\/tr><tr><td><strong>Preferencias<\/strong><\/td><td>Selector de idioma<\/td><td>Woocommerce<\/td><td><br\/>Cookie que utilizamos para ofrecerle la posibilidad de cambiar el idioma de nuestros contenidos. Si la cookie est\u00e1 desactivada, ver\u00e1 el sitio en el idioma original. <br\/><\/td><td>30 d\u00edas<\/td><\/tr><\/tbody><\/table><\/figure>\n\n<p><br\/>Tenga en cuenta que si acepta las cookies de terceros, deber\u00e1 eliminarlas desde las opciones del navegador o desde el sistema ofrecido por el propio tercero.<\/p>\n\n<h2 class=\"gb-text gb-text-9533218f\">Navegadores<\/h2>\n\n<p>A continuaci\u00f3n le proporcionamos los enlaces de varios navegadores, a trav\u00e9s de los cuales podr\u00e1 modificar la configuraci\u00f3n de su navegador sobre el uso de cookies:<\/p>\n\n<ul class=\"wp-block-list\">\n<li><strong>Firefox<\/strong> desde aqu\u00ed: <em><a href=\"https:\/\/shop.critdor.com\/ca\/content\/%5C\">http:\/\/support.mozilla.org\/es\/kb\/habilitar-y-deshabilitar-cookies-que-los-sitios-we<\/a><\/em><\/li>\n\n\n\n<li><strong>Chrome<\/strong> desde aqu\u00ed: <em><a href=\"https:\/\/shop.critdor.com\/ca\/content\/%5C\">http:\/\/support.google.com\/chrome\/bin\/answer.py?hl=es&amp;answer=95647<\/a><\/em><\/li>\n\n\n\n<li><strong>Explorer<\/strong> desde aqu\u00ed: <em><a href=\"https:\/\/shop.critdor.com\/ca\/content\/%5C\">http:\/\/windows.microsoft.com\/es-es\/internet-explorer\/delete-manage-cookies#ie=ie-10<\/a><\/em><\/li>\n\n\n\n<li><strong>Safari<\/strong> desde aqu\u00ed: <em><a href=\"https:\/\/shop.critdor.com\/ca\/content\/%5C\">https:\/\/support.apple.com\/kb\/ph17191?locale=es_ES<\/a><\/em><\/li>\n\n\n\n<li><strong>Opera<\/strong> desde aqu\u00ed: <a href=\"https:\/\/shop.critdor.com\/ca\/content\/%5C\">https:\/\/help.opera.com\/en\/latest\/web-preferences\/#cookies<\/a><\/li>\n<\/ul>\n\n<p>Para conocer m\u00e1s informaci\u00f3n sobre el tratamiento de datos personales, le recomendamos visitar nuestro apartado \u00abPol\u00edtica de Privacidad\u00bb.<br\/><\/p>\n\n<p><strong>\u00daLTIMA ACTUALIZACI\u00d3N: 5 de enero de 2022<\/strong><\/p>\n","protected":false},"excerpt":{"rendered":"<p>Conforme a lo dispuesto en el art\u00edculo 22.2 de la Ley 34\/2002, de 11 de julio, de Servicios de la Sociedad de la Informaci\u00f3n y de Comercio Electr\u00f3nico (LSSI-CE) vigente, CRIT D&#8217;OR, S.L. debe cumplir con la obligaci\u00f3n de informar sobre las cookies que utiliza y sus finalidades. Este sitio web utiliza cookies y\/o tecnolog\u00edas &#8230; <a title=\"Pol\u00edtica de cookies\" class=\"read-more\" href=\"https:\/\/shop.critdor.com\/es\/politica-de-cookies\/\" aria-label=\"Leer m\u00e1s sobre Pol\u00edtica de cookies\">Leer m\u00e1s<\/a><\/p>\n","protected":false},"author":1,"featured_media":0,"parent":0,"menu_order":0,"comment_status":"closed","ping_status":"closed","template":"","meta":{"_acf_changed":false,"footnotes":""},"class_list":["post-610","page","type-page","status-publish"],"acf":[],"_links":{"self":[{"href":"https:\/\/shop.critdor.com\/es\/wp-json\/wp\/v2\/pages\/610","targetHints":{"allow":["GET"]}}],"collection":[{"href":"https:\/\/shop.critdor.com\/es\/wp-json\/wp\/v2\/pages"}],"about":[{"href":"https:\/\/shop.critdor.com\/es\/wp-json\/wp\/v2\/types\/page"}],"author":[{"embeddable":true,"href":"https:\/\/shop.critdor.com\/es\/wp-json\/wp\/v2\/users\/1"}],"replies":[{"embeddable":true,"href":"https:\/\/shop.critdor.com\/es\/wp-json\/wp\/v2\/comments?post=610"}],"version-history":[{"count":1,"href":"https:\/\/shop.critdor.com\/es\/wp-json\/wp\/v2\/pages\/610\/revisions"}],"predecessor-version":[{"id":611,"href":"https:\/\/shop.critdor.com\/es\/wp-json\/wp\/v2\/pages\/610\/revisions\/611"}],"wp:attachment":[{"href":"https:\/\/shop.critdor.com\/es\/wp-json\/wp\/v2\/media?parent=610"}],"curies":[{"name":"wp","href":"https:\/\/api.w.org\/{rel}","templated":true}]}}