{"id":612,"date":"2025-05-13T11:25:49","date_gmt":"2025-05-13T11:25:49","guid":{"rendered":"https:\/\/shop.critdor.com\/politica-de-privacidad\/"},"modified":"2025-09-17T09:24:18","modified_gmt":"2025-09-17T09:24:18","slug":"politica-de-privacidad","status":"publish","type":"page","link":"https:\/\/shop.critdor.com\/es\/politica-de-privacidad\/","title":{"rendered":"Pol\u00edtica de privacidad"},"content":{"rendered":"\n<h2 class=\"gb-text gb-text-2a451786\">Datos del propietario de la web:<\/h2>\n\n<p><strong>RAZ\u00d3N SOCIAL:<\/strong> CRIT D&#8217;OR, S.L.<br\/><strong>NIF<\/strong> : B60307212<br\/><strong>DIRECCI\u00d3N<\/strong> <strong>POSTAL<\/strong> : AV. EUROPA, 14-16 08401, GRANOLLERS (BARCELONA)<br\/><strong>DIRECCI\u00d3N<\/strong> <strong>ELECTR\u00d3NICA<\/strong> : info@critdor.com<br\/><strong>TEL\u00c9FONOS<\/strong> : 938707799<br\/><strong>REGISTRO<\/strong> <strong>MERCANTIL<\/strong> : tomo 25.643, folio 92.338, Secci\u00f3n General e Inscripci\u00f3n 1a.<br\/><strong>OBJETO<\/strong> <strong>PRINCIPAL<\/strong> : Fabricaci\u00f3n de especialidades de frutos secos.<\/p>\n\n<p><strong>Protecci\u00f3n de datos<\/strong><\/p>\n\n<p>De conformidad con la normativa vigente y aplicable en protecci\u00f3n de datos de car\u00e1cter personal, le informamos que sus datos ser\u00e1n incorporados al sistema de tratamiento titularidad de CRIT D&#8217;OR, S.L. con NIF B60307212 y domicilio social situado en AV. EUROPA, 14-16 08401, GRANOLLERS (BARCELONA), y que a continuaci\u00f3n se relacionan sus respectivas finalidades, plazos de conservaci\u00f3n y bases legitimadoras. Para aquellos tratamientos que lo requieran, se informa tambi\u00e9n de la posible elaboraci\u00f3n de perfiles y decisiones automatizadas, as\u00ed como las posibles cesiones y transferencias internacionales que CRIT D&#8217;OR, S.L. tiene previsto realizar:  <\/p>\n\n<h2 class=\"gb-text gb-text-4f31202e\">TRATAMIENTOS REALIZADOS<\/h2>\n\n<ul class=\"wp-block-list\">\n<li><strong>Gesti\u00f3n de la p\u00e1gina web<\/strong>\n<ul class=\"wp-block-list\">\n<li><strong>Finalidad<\/strong> : Tratamiento y gesti\u00f3n de los datos necesarios para la funcionalidad de la p\u00e1gina web<\/li>\n\n\n\n<li><strong>Plazo de conservaci\u00f3n:<\/strong> mientras perdure el consentimiento prestado<\/li>\n\n\n\n<li><strong>Base leg\u00edtima:<\/strong> El consentimiento del interesado<\/li>\n\n\n\n<li><strong>Tipolog\u00eda de Datos:<\/strong> Datos meramente identificativos  <\/li>\n\n\n\n<li><strong>Cesiones:<\/strong> No se prev\u00e9n<\/li>\n\n\n\n<li><strong>Transferencias internacionales:<\/strong> No se prev\u00e9n<\/li>\n\n\n\n<li><strong>Elaboraciones de perfiles:<\/strong> No se prev\u00e9n<br\/><\/li>\n<\/ul>\n<\/li>\n\n\n\n<li><strong>Formulario web<\/strong>\n<ul class=\"wp-block-list\">\n<li><strong>Finalidad<\/strong> : Tratamiento y gesti\u00f3n de los datos necesarios para la funcionalidad de la p\u00e1gina web<\/li>\n\n\n\n<li><strong>Plazo de conservaci\u00f3n:<\/strong> mientras perdure el consentimiento prestado<\/li>\n\n\n\n<li><strong>Base leg\u00edtima:<\/strong> El consentimiento del interesado<\/li>\n\n\n\n<li><strong>Tipolog\u00eda de Datos:<\/strong> Datos meramente identificativos  <\/li>\n\n\n\n<li><strong>Cesiones:<\/strong> No se prev\u00e9n<\/li>\n\n\n\n<li><strong>Transferencias internacionales:<\/strong> No se prev\u00e9n<\/li>\n\n\n\n<li><strong>Elaboraciones de perfiles:<\/strong> No se prev\u00e9n<br\/><\/li>\n<\/ul>\n<\/li>\n\n\n\n<li><strong>Gesti\u00f3n del cumplimiento normativo<\/strong>\n<ul class=\"wp-block-list\">\n<li><strong>Finalidad<\/strong> : Gesti\u00f3n y tramitaci\u00f3n de las obligaciones y deberes que se deriven del cumplimiento de la normativa a la que est\u00e1 sujeta la entidad<\/li>\n\n\n\n<li><strong>Plazo de conservaci\u00f3n:<\/strong> conservaci\u00f3n de las copias de los documentos hasta que prescriban las acciones para reclamarle una posible responsabilidad<\/li>\n\n\n\n<li><strong>Base leg\u00edtima:<\/strong> El cumplimiento de una ley<\/li>\n\n\n\n<li><strong>Tipolog\u00eda de Datos<\/strong> : Datos meramente identificativos<\/li>\n\n\n\n<li><strong>Cesiones<\/strong> : sus datos ser\u00e1n comunicados en caso de ser necesario a Organismos y\/o administraci\u00f3n p\u00fablica con competencia en la materia con el fin de cumplir con las obligaciones establecidas en la normativa aplicable. Adem\u00e1s, se informa que la base legitimadora de la cesi\u00f3n es cumplir con las obligaciones establecidas en la normativa aplicable <\/li>\n\n\n\n<li><strong>Transferencias internacionales:<\/strong> No se prev\u00e9n<\/li>\n\n\n\n<li><strong>Elaboraciones de perfiles:<\/strong> No se prev\u00e9n<br\/><\/li>\n<\/ul>\n<\/li>\n\n\n\n<li><strong>Acciones Comerciales<\/strong>\n<ul class=\"wp-block-list\">\n<li><strong>Finalidad<\/strong> : Captaci\u00f3n, registro y tratamiento de datos con fines de publicidad y prospecci\u00f3n comercial de nuestros productos y\/o servicios<\/li>\n\n\n\n<li><strong>Plazo de conservaci\u00f3n:<\/strong> mientras se mantenga el consentimiento prestado<\/li>\n\n\n\n<li><strong>Base leg\u00edtima:<\/strong> El consentimiento del interesado  <\/li>\n\n\n\n<li><strong>Tipolog\u00eda de Datos:<\/strong> Datos meramente identificativos  <\/li>\n\n\n\n<li><strong>Cesiones<\/strong> : Ninguna<\/li>\n\n\n\n<li><strong>Transferencias internacionales:<\/strong> No se prev\u00e9n<\/li>\n\n\n\n<li><strong>Elaboraciones de perfiles:<\/strong> No se prev\u00e9n<\/li>\n<\/ul>\n<\/li>\n<\/ul>\n\n<h2 class=\"gb-text gb-text-2f51bbc3\">Derechos de los interesados<\/h2>\n\n<p>CRIT D&#8217;OR, S.L. informa a los Usuarios que, podr\u00e1 ejercer los derechos de acceso, rectificaci\u00f3n, limitaci\u00f3n, supresi\u00f3n, portabilidad y oposici\u00f3n al tratamiento de sus datos de car\u00e1cter personal ante el Responsable del Tratamiento, as\u00ed como a la retirada del consentimiento prestado.<\/p>\n\n<p><strong>Derecho de Acceso:<\/strong> Es el derecho del usuario a obtener informaci\u00f3n sobre sus datos concretos de car\u00e1cter personal y del tratamiento que se haya realizado o realice, as\u00ed como de la informaci\u00f3n disponible sobre el origen de estos datos y las comunicaciones realizadas o previstas de \u00e9stos.<\/p>\n\n<p><strong>Derecho de Rectificaci\u00f3n<\/strong>: Es el derecho del afectado a que se modifiquen los datos que resulten ser inexactos o incompletos. S\u00f3lo podr\u00e1 satisfacerse en relaci\u00f3n a aquella informaci\u00f3n que se encuentre bajo el control de CRIT D&#8217;OR, S.L., por ejemplo, eliminar comentarios publicados en la propia p\u00e1gina, im\u00e1genes o contenidos web donde consten datos de car\u00e1cter personal del usuario. <\/p>\n\n<p><strong>Derecho a la Limitaci\u00f3n de tratamiento<\/strong>: Es el derecho a que se limiten los fines del tratamiento previstos de forma original por el responsable del tratamiento.<\/p>\n\n<p><strong>Derecho de Supresi\u00f3n<\/strong>: Es el derecho a suprimir los datos de car\u00e1cter personal del usuario, a excepci\u00f3n de lo previsto en el propio RGPD o en otras normativas aplicables que determinen la obligatoriedad de la conservaci\u00f3n de los mismos, en tiempo y forma.<\/p>\n\n<p><strong>Derecho de portabilidad<\/strong> : El derecho a recibir los datos personales que el usuario, haya facilitado, en un formato estructurado, de uso com\u00fan y lectura mec\u00e1nica, ya transmitirlos a otro responsable.<\/p>\n\n<p><strong>Derecho de Oposici\u00f3n<\/strong> : Es el derecho del usuario a que no se lleve a cabo el tratamiento de sus datos de car\u00e1cter personal o se cese el tratamiento de los mismos por parte de CRIT D&#8217;OR, S.L.<\/p>\n\n<p>Para poder ejercer cualquiera de los derechos descritos anteriormente deber\u00e1 cumplir con los siguientes requisitos:<\/p>\n\n<ul class=\"wp-block-list\">\n<li>Presentaci\u00f3n de un escrito en la direcci\u00f3n AV. EUROPA, 14-16 08401, GRANOLLERS (BARCELONA) (a la atenci\u00f3n de CRIT D&#8217;OR, S.L.) o bien a trav\u00e9s de correo electr\u00f3nico a info@critdor.com. <\/li>\n\n\n\n<li>El escrito remitido por el titular de los datos que solicite el ejercicio deber\u00e1 cumplir los siguientes requisitos legales:\n<ul class=\"wp-block-list\">\n<li>Nombre, apellidos del interesado y copia del DNI\/NIE o cualquier documento identificativo. En los excepcionales casos en los que se admita la representaci\u00f3n, ser\u00e1 tambi\u00e9n necesaria la identificaci\u00f3n por el mismo medio de la persona que le representa, as\u00ed como el documento acreditativo de la representaci\u00f3n. La fotocopia del DNI podr\u00e1 ser sustituida siempre que se acredite su identidad por cualquier otro medio v\u00e1lido en derecho.  <\/li>\n\n\n\n<li>Petici\u00f3n en la que se concreta la solicitud. (Ejercicio en el que se solicita la informaci\u00f3n a la que se quiere acceder). Si no hace referencia a un archivo concreto se le facilitar\u00e1 toda la informaci\u00f3n que se tenga con sus datos de car\u00e1cter personal. Si solicita informaci\u00f3n de un archivo en concreto, s\u00f3lo la informaci\u00f3n de ese archivo. Si solicita informaci\u00f3n relativa a un tercero nunca se podr\u00e1 facilitar. Si lo solicita por tel\u00e9fono se le indicar\u00e1 que lo haga por escrito y se le informar\u00e1 de c\u00f3mo puede hacerlo y la direcci\u00f3n a la que debe enviarlo. Nunca se le dar\u00e1 informaci\u00f3n por tel\u00e9fono.      <\/li>\n\n\n\n<li>Domicilio a efectos de notificaciones.<\/li>\n\n\n\n<li>Fecha y firma del solicitante.<\/li>\n\n\n\n<li>Documento acreditativos de la petici\u00f3n que formula<\/li>\n\n\n\n<li>El\/La interesado\/a debe utilizar cualquier medio que permita acceder\u00e1 el env\u00edo y recepci\u00f3n de la solicitud.<\/li>\n<\/ul>\n<\/li>\n<\/ul>\n\n<p>Por \u00faltimo, le informamos que Usted tiene derecho a presentar una reclamaci\u00f3n ante la Agencia Espa\u00f1ola de Protecci\u00f3n de Datos en caso de que tenga conocimiento o considere que un hecho pueda suponer un incumplimiento de la normativa aplicable en materia de protecci\u00f3n de datos.<\/p>\n\n<p>CRIT D&#8217;OR, S.L. se compromete a adoptar las medidas t\u00e9cnicas y organizativas necesarias, acorde al nivel de riesgos que acompa\u00f1an a los tratamientos realizados por \u00e9stas e indicados en el apartado de los t\u00e9rminos y condiciones de uso, de forma que garanticen su integridad, confidencialidad y disponibilidad.<\/p>\n\n<h2 class=\"gb-text gb-text-04065dd1\">POL\u00cdTICA DE PRIVACIDAD REDES SOCIALES<\/h2>\n\n<p>De conformidad con lo establecido en la normativa vigente y aplicable de protecci\u00f3n de datos de car\u00e1cter personal y la Ley 34\/2002, de 11 de julio, de Servicios de la Sociedad de la Informaci\u00f3n y de Comercio Electr\u00f3nico (LSSI-CE), CRIT D&#8217;OR, S.L. informa a los usuarios, que ha procedido a crear un perfil en las Redes Sociales Facebook, Instagram, con la finalidad principal de publicitar sus productos y servicios.<\/p>\n\n<p>Datos de CRIT D&#8217;OR, S.L.:<\/p>\n\n<p><strong>NIF<\/strong> : B60307212<\/p>\n\n<p><strong>DIRECCI\u00d3N<\/strong> : AVDA. EUROPA, 14-16 08401, GRANOLLERS (BARCELONA)<\/p>\n\n<p><strong>CORREO<\/strong> <strong>ELECTR\u00d3NICO<\/strong> : info@critdor.com<\/p>\n\n<p><strong>DOMINIO<\/strong> <strong>WEB<\/strong> : www.lobrador.com<\/p>\n\n<p>El usuario dispone de un perfil en la misma Red Social y ha decidido unirse a la p\u00e1gina creada por CRIT D&#8217;OR, S.L., mostrando as\u00ed inter\u00e9s en la informaci\u00f3n que se publicite en la Red. Al unirse a nuestra p\u00e1gina, nos facilita su consentimiento para el tratamiento de aquellos datos personales publicados en su perfil. <\/p>\n\n<p>El usuario puede acceder en todo momento a las pol\u00edticas de privacidad de la propia Red Social, as\u00ed como configurar su perfil para garantizar su privacidad.<\/p>\n\n<p>CRIT D&#8217;OR, S.L. tiene acceso y trata aquella informaci\u00f3n p\u00fablica del usuario, especialmente, su nombre de contacto. Estos datos, s\u00f3lo son utilizados dentro de la propia Red Social No son incorporados a ning\u00fan sistema de tratamiento.  <\/p>\n\n<h2 class=\"gb-text gb-text-7828c1ed\">Derechos de los interesados<\/h2>\n\n<p>En relaci\u00f3n a los derechos de acceso, rectificaci\u00f3n, limitaci\u00f3n de tratamiento, supresi\u00f3n, portabilidad y oposici\u00f3n al tratamiento de sus datos de car\u00e1cter personal, de los que usted dispone y que pueden ser ejercitados ante CRIT D&#8217;OR, S.L., de acuerdo con el RGPD, debe tener en cuenta los siguientes matices:<\/p>\n\n<p><strong>Derecho de Acceso<\/strong>: Es el derecho del usuario a obtener informaci\u00f3n sobre sus datos concretos de car\u00e1cter personal y del tratamiento que se haya realizado o realice, as\u00ed como de la informaci\u00f3n disponible sobre el origen de estos datos y las comunicaciones realizadas o previstas de \u00e9stos.<\/p>\n\n<p><strong>Derecho de Rectificaci\u00f3n<\/strong>: Es el derecho del afectado a que se modifiquen los datos que resulten ser inexactos o incompletos. S\u00f3lo podr\u00e1 satisfacerse en relaci\u00f3n a aquella informaci\u00f3n que se encuentre bajo el control de CRIT D&#8217;OR, S.L., por ejemplo, eliminar comentarios publicados en la propia p\u00e1gina, im\u00e1genes o contenidos web donde consten datos de car\u00e1cter personal del usuario. <\/p>\n\n<p><strong>Derecho a la Limitaci\u00f3n de tratamiento<\/strong>: Es el derecho a que se limiten los fines del tratamiento previstos de forma original por el responsable del tratamiento.<\/p>\n\n<p><strong>Derecho de Supresi\u00f3n<\/strong>: Es el derecho a suprimir los datos de car\u00e1cter personal del usuario, a excepci\u00f3n de lo previsto en el propio RGPD o en otras normativas aplicables que determinen la obligatoriedad de la conservaci\u00f3n de los mismos, en tiempo y forma.<\/p>\n\n<p><strong>Derecho de portabilidad:<\/strong> El derecho a recibir los datos personales que el usuario haya facilitado, en un formato estructurado, de uso com\u00fan y lectura mec\u00e1nica, ya transmitirlos a otro responsable.<\/p>\n\n<p><strong>Derecho de Oposici\u00f3n<\/strong>: Es el derecho del usuario a que no se lleve a cabo el tratamiento de sus datos de car\u00e1cter personal o se cese el tratamiento de los mismos por parte de CRIT D&#8217;OR, S.L..<\/p>\n\n<p>CRIT D&#8217;OR, S.L. realizar\u00e1 las siguientes actuaciones: <\/p>\n\n<ul class=\"wp-block-list\">\n<li>Acceso a la informaci\u00f3n p\u00fablica del perfil.<\/li>\n\n\n\n<li>Publicaci\u00f3n en el perfil del usuario de toda aquella informaci\u00f3n ya publicada en la p\u00e1gina de CRIT D&#8217;OR, S.L.<\/li>\n\n\n\n<li>Enviar mensajes personales e individuales a trav\u00e9s de los canales de la Red Social.<\/li>\n\n\n\n<li>Actualizaciones del estado de la p\u00e1gina que se publicar\u00e1n en el perfil del usuario.<\/li>\n<\/ul>\n\n<p>El usuario siempre puede controlar sus conexiones, eliminar los contenidos que dejen de interesarle y restringir con quien comparte sus conexiones, para lo cual deber\u00e1 acceder a su configuraci\u00f3n de privacidad.<\/p>\n\n<h3 class=\"gb-text gb-text-13f77a69\">Publicaciones<\/h3>\n\n<p>El usuario, una vez unido a la p\u00e1gina de CRIT D&#8217;OR, S.L., podr\u00e1 publicar en esta \u00faltima comentarios, enlaces, im\u00e1genes o fotograf\u00edas o cualquier otro tipo de contenido multimedia soportado por la Red Social. El usuario, en todos los casos, debe ser el titular de \u00e9stos, gozar de los derechos de autor y de propiedad intelectual o contar con el consentimiento de los terceros afectados. Se proh\u00edbe expresamente cualquier publicaci\u00f3n en la p\u00e1gina, ya sean textos, gr\u00e1ficos, fotograf\u00edas, v\u00eddeos, etc. que atenten o sean susceptibles de atentar contra la moral, la \u00e9tica, el buen gusto o el decoro, y\/o que infrinjan, violen o infrinjan los derechos de propiedad intelectual o industrial, el derecho a la imagen o la Ley. En estos casos, CRIT D&#8217;OR, S.L. se reserva el derecho a retirar inmediatamente el contenido, pudiendo solicitar el bloqueo permanente del usuario.   <\/p>\n\n<p>CRIT D&#8217;OR, S.L. no se har\u00e1 responsable de los contenidos que libremente ha publicado un usuario.<\/p>\n\n<p>El usuario debe tener presente que sus publicaciones ser\u00e1n conocidas por los dem\u00e1s usuarios, por lo que \u00e9l mismo es el principal responsable de su privacidad.<\/p>\n\n<p>Las im\u00e1genes que puedan publicarse en la p\u00e1gina no ser\u00e1n almacenadas en ning\u00fan sistema de tratamiento por parte de CRIT D&#8217;OR, S.L., pero s\u00ed que permanecer\u00e1n en la Red Social.<\/p>\n\n<h3 class=\"gb-text gb-text-8be7cd3d\">Concursos y promociones<\/h3>\n\n<p>CRIT D&#8217;OR, S.L. se reserva el derecho a realizar concursos y promociones, en los que podr\u00e1 participar el usuario unido a su p\u00e1gina. Las bases de cada uno de ellos, cuando se utilice para ello la plataforma de la Red Social, ser\u00e1n publicadas en \u00e9sta Cumpliendo siempre con la LSSI-CE y con cualquier otra norma que le sea aplicable.  <\/p>\n\n<p>La Red Social no patrocina, avala ni administra, en modo alguno, ninguna de nuestras promociones, ni est\u00e1 asociada a ninguna de ellas.<\/p>\n\n<h3 class=\"gb-text gb-text-df46ec67\">Publicidad<\/h3>\n\n<p>CRIT D&#8217;OR, S.L. utilizar\u00e1 la Red Social para publicitar sus productos y servicios, en todo caso, si decide tratar sus datos de contacto para realizar acciones directas de prospecci\u00f3n comercial, ser\u00e1 siempre, cumpliendo con las exigencias legales del RGPD y de la LSSI-CE.<\/p>\n\n<p>No se considerar\u00e1 publicidad el hecho de recomendar a otros usuarios la p\u00e1gina de CRIT D&#8217;OR, S.L. para que tambi\u00e9n ellos puedan disfrutar de las promociones o estar informados de su actividad.<\/p>\n\n<p>A continuaci\u00f3n detallamos el enlace a la pol\u00edtica de privacidad de la Red Social:<\/p>\n\n<ul class=\"wp-block-list\">\n<li><strong>Facebook<\/strong> : <a href=\"https:\/\/es-es.facebook.com\/privacy\/explanation\">https:\/\/es-es.facebook.com\/privacy\/explanation<\/a><\/li>\n\n\n\n<li><strong>Instagram<\/strong> : <a href=\"http:\/\/instagram.com\/about\/legal\/privacy\/\">http:\/\/instagram.com\/about\/legal\/privacy\/<\/a><\/li>\n<\/ul>\n\n<p><strong>\u00daLTIMA ACTUALIZACI\u00d3N: 5 de enero de 2022<\/strong><\/p>\n","protected":false},"excerpt":{"rendered":"<p>Datos del propietario de la web: RAZ\u00d3N SOCIAL: CRIT D&#8217;OR, S.L.NIF : B60307212DIRECCI\u00d3N POSTAL : AV. EUROPA, 14-16 08401, GRANOLLERS (BARCELONA)DIRECCI\u00d3N ELECTR\u00d3NICA : info@critdor.comTEL\u00c9FONOS : 938707799REGISTRO MERCANTIL : tomo 25.643, folio 92.338, Secci\u00f3n General e Inscripci\u00f3n 1a.OBJETO PRINCIPAL : Fabricaci\u00f3n de especialidades de frutos secos. Protecci\u00f3n de datos De conformidad con la normativa vigente y &#8230; <a title=\"Pol\u00edtica de privacidad\" class=\"read-more\" href=\"https:\/\/shop.critdor.com\/es\/politica-de-privacidad\/\" aria-label=\"Leer m\u00e1s sobre Pol\u00edtica de privacidad\">Leer m\u00e1s<\/a><\/p>\n","protected":false},"author":1,"featured_media":0,"parent":0,"menu_order":0,"comment_status":"closed","ping_status":"closed","template":"","meta":{"_acf_changed":false,"footnotes":""},"class_list":["post-612","page","type-page","status-publish"],"acf":[],"_links":{"self":[{"href":"https:\/\/shop.critdor.com\/es\/wp-json\/wp\/v2\/pages\/612","targetHints":{"allow":["GET"]}}],"collection":[{"href":"https:\/\/shop.critdor.com\/es\/wp-json\/wp\/v2\/pages"}],"about":[{"href":"https:\/\/shop.critdor.com\/es\/wp-json\/wp\/v2\/types\/page"}],"author":[{"embeddable":true,"href":"https:\/\/shop.critdor.com\/es\/wp-json\/wp\/v2\/users\/1"}],"replies":[{"embeddable":true,"href":"https:\/\/shop.critdor.com\/es\/wp-json\/wp\/v2\/comments?post=612"}],"version-history":[{"count":3,"href":"https:\/\/shop.critdor.com\/es\/wp-json\/wp\/v2\/pages\/612\/revisions"}],"predecessor-version":[{"id":797,"href":"https:\/\/shop.critdor.com\/es\/wp-json\/wp\/v2\/pages\/612\/revisions\/797"}],"wp:attachment":[{"href":"https:\/\/shop.critdor.com\/es\/wp-json\/wp\/v2\/media?parent=612"}],"curies":[{"name":"wp","href":"https:\/\/api.w.org\/{rel}","templated":true}]}}