{"id":1178,"date":"2026-04-17T07:53:33","date_gmt":"2026-04-17T07:53:33","guid":{"rendered":"https:\/\/shop.critdor.com\/?post_type=product&#038;p=1178"},"modified":"2026-04-17T08:54:45","modified_gmt":"2026-04-17T08:54:45","slug":"anacardos-crudos-copia-2","status":"publish","type":"product","link":"https:\/\/shop.critdor.com\/es\/producto\/anacardos-crudos-copia-2\/","title":{"rendered":"Otros productos&#8230;"},"content":{"rendered":"<p>Tenemos una ampl\u00edsima selecci\u00f3n de los mejores frutos secos, disponible en nuestra tienda de f\u00e1brica de Granollers, donde te beneficiar\u00e1s de descuentos especiales en estos productos \ud83d\ude42<\/p>\n","protected":false},"excerpt":{"rendered":"<p>Tenemos una ampl\u00edsima selecci\u00f3n de los mejores frutos secos, disponibles en nuestra tienda de f\u00e1brica de Granollers, donde te beneficiar\u00e1s de descuentos especiales en estos productos \ud83d\ude42<\/p>\n<p>&nbsp;<\/p>\n<p>Visitanos:<\/p>\n<p>Crit d&#8217;Or S.L., Avda. Europa 14-16, 08401 Granollers (Barcelona)<\/p>\n<p>Ven c\u00f3modamente, disponemos de aparcamiento propio !<\/p>\n<p>&nbsp;<\/p>\n","protected":false},"featured_media":978,"template":"","meta":{"_acf_changed":false},"product_brand":[],"product_cat":[76,77,78],"product_tag":[],"class_list":{"0":"post-1178","1":"product","2":"type-product","3":"status-publish","4":"has-post-thumbnail","6":"product_cat-frutos-secos","7":"product_cat-crudos-e-ingredientes","8":"product_cat-tostados-artesanalmente","9":"sales-flash-overlay","10":"woocommerce-text-align-center","11":"woocommerce-image-align-center","12":"do-quantity-buttons","14":"first","15":"instock","16":"featured","17":"taxable","18":"shipping-taxable","19":"product-type-simple"},"acf":[],"_links":{"self":[{"href":"https:\/\/shop.critdor.com\/es\/wp-json\/wp\/v2\/product\/1178","targetHints":{"allow":["GET"]}}],"collection":[{"href":"https:\/\/shop.critdor.com\/es\/wp-json\/wp\/v2\/product"}],"about":[{"href":"https:\/\/shop.critdor.com\/es\/wp-json\/wp\/v2\/types\/product"}],"wp:featuredmedia":[{"embeddable":true,"href":"https:\/\/shop.critdor.com\/es\/wp-json\/wp\/v2\/media\/978"}],"wp:attachment":[{"href":"https:\/\/shop.critdor.com\/es\/wp-json\/wp\/v2\/media?parent=1178"}],"wp:term":[{"taxonomy":"product_brand","embeddable":true,"href":"https:\/\/shop.critdor.com\/es\/wp-json\/wp\/v2\/product_brand?post=1178"},{"taxonomy":"product_cat","embeddable":true,"href":"https:\/\/shop.critdor.com\/es\/wp-json\/wp\/v2\/product_cat?post=1178"},{"taxonomy":"product_tag","embeddable":true,"href":"https:\/\/shop.critdor.com\/es\/wp-json\/wp\/v2\/product_tag?post=1178"}],"curies":[{"name":"wp","href":"https:\/\/api.w.org\/{rel}","templated":true}]}}