{"id":630,"date":"2025-05-19T16:54:02","date_gmt":"2025-05-19T16:54:02","guid":{"rendered":"https:\/\/shop.critdor.com\/producte\/perlas-japonesas\/"},"modified":"2025-09-17T17:28:58","modified_gmt":"2025-09-17T17:28:58","slug":"perlas-japonesas","status":"publish","type":"product","link":"https:\/\/shop.critdor.com\/es\/producto\/perlas-japonesas\/","title":{"rendered":"Perlas japonesas"},"content":{"rendered":"<p>Bomb\u00f3n con una suave mezcla de chocolate negro y chocolate con leche, recubierto de cacao en polvo puro, con una almendra marcona acaramelada en el interior. Es el bomb\u00f3n que creamos para vender en el mercado japon\u00e9s, de ah\u00ed su nombre. Bolsa de 100g.  <\/p>\n","protected":false},"excerpt":{"rendered":"<p>Bomb\u00f3n con una suave mezcla de chocolate negro y chocolate con leche, recubierto de cacao en polvo puro, con una almendra marcona acaramelada en el interior. Es el bomb\u00f3n que creamos para vender en el mercado japon\u00e9s, de ah\u00ed su nombre. Bolsa de 100g.  <\/p>\n","protected":false},"featured_media":526,"template":"","meta":{"_acf_changed":false},"product_brand":[],"product_cat":[68,70],"product_tag":[],"class_list":{"0":"post-630","1":"product","2":"type-product","3":"status-publish","4":"has-post-thumbnail","6":"product_cat-bombones","7":"product_cat-perlas-y-bombon","8":"sales-flash-overlay","9":"woocommerce-text-align-center","10":"woocommerce-image-align-center","11":"do-quantity-buttons","13":"first","14":"instock","15":"taxable","16":"shipping-taxable","17":"purchasable","18":"product-type-simple"},"acf":[],"_links":{"self":[{"href":"https:\/\/shop.critdor.com\/es\/wp-json\/wp\/v2\/product\/630","targetHints":{"allow":["GET"]}}],"collection":[{"href":"https:\/\/shop.critdor.com\/es\/wp-json\/wp\/v2\/product"}],"about":[{"href":"https:\/\/shop.critdor.com\/es\/wp-json\/wp\/v2\/types\/product"}],"wp:featuredmedia":[{"embeddable":true,"href":"https:\/\/shop.critdor.com\/es\/wp-json\/wp\/v2\/media\/526"}],"wp:attachment":[{"href":"https:\/\/shop.critdor.com\/es\/wp-json\/wp\/v2\/media?parent=630"}],"wp:term":[{"taxonomy":"product_brand","embeddable":true,"href":"https:\/\/shop.critdor.com\/es\/wp-json\/wp\/v2\/product_brand?post=630"},{"taxonomy":"product_cat","embeddable":true,"href":"https:\/\/shop.critdor.com\/es\/wp-json\/wp\/v2\/product_cat?post=630"},{"taxonomy":"product_tag","embeddable":true,"href":"https:\/\/shop.critdor.com\/es\/wp-json\/wp\/v2\/product_tag?post=630"}],"curies":[{"name":"wp","href":"https:\/\/api.w.org\/{rel}","templated":true}]}}