{"id":636,"date":"2025-05-21T09:05:44","date_gmt":"2025-05-21T09:05:44","guid":{"rendered":"https:\/\/shop.critdor.com\/producte\/caprichos-450g\/"},"modified":"2025-09-24T10:46:54","modified_gmt":"2025-09-24T10:46:54","slug":"caprichos-450g","status":"publish","type":"product","link":"https:\/\/shop.critdor.com\/es\/producto\/caprichos-450g\/","title":{"rendered":"Capricis 450g"},"content":{"rendered":"<p>El original, desde 1990. Nuestras especialidades de confiter\u00eda y bomboner\u00eda (bomb\u00f3n de avellana, almendra garrapi\u00f1ada, perlas de almendra y nueces caramelizadas) presentadas en varias capas superpuestas. Unos postres para compartir o para servir con el caf\u00e9, t\u00e9, o un buen cava. Tarro de cristal de 450g.<\/p>\n","protected":false},"excerpt":{"rendered":"<p>El original, desde 1990. Nuestras especialidades de confiter\u00eda y bomboner\u00eda (bomb\u00f3n de avellana, almendra garrapi\u00f1ada, perlas de almendra y nueces caramelizadas) presentadas en varias capas superpuestas. Unos postres para compartir o para servir con el caf\u00e9, t\u00e9, o un buen cava. Tarro de cristal de 450g.<\/p>\n","protected":false},"featured_media":579,"template":"","meta":{"_acf_changed":false},"product_brand":[],"product_cat":[68,69,64,66,71,72,107,110],"product_tag":[],"class_list":{"0":"post-636","1":"product","2":"type-product","3":"status-publish","4":"has-post-thumbnail","6":"product_cat-bombones","7":"product_cat-capricis-bombones","8":"product_cat-caramelizados","9":"product_cat-capricis-caramelizados","10":"product_cat-capricis-y-regalos","11":"product_cat-capricis-es","12":"product_cat-navidad","13":"product_cat-capricis-navidad","14":"sales-flash-overlay","15":"woocommerce-text-align-center","16":"woocommerce-image-align-center","17":"do-quantity-buttons","19":"first","20":"instock","21":"taxable","22":"shipping-taxable","23":"purchasable","24":"product-type-simple"},"acf":[],"_links":{"self":[{"href":"https:\/\/shop.critdor.com\/es\/wp-json\/wp\/v2\/product\/636","targetHints":{"allow":["GET"]}}],"collection":[{"href":"https:\/\/shop.critdor.com\/es\/wp-json\/wp\/v2\/product"}],"about":[{"href":"https:\/\/shop.critdor.com\/es\/wp-json\/wp\/v2\/types\/product"}],"wp:featuredmedia":[{"embeddable":true,"href":"https:\/\/shop.critdor.com\/es\/wp-json\/wp\/v2\/media\/579"}],"wp:attachment":[{"href":"https:\/\/shop.critdor.com\/es\/wp-json\/wp\/v2\/media?parent=636"}],"wp:term":[{"taxonomy":"product_brand","embeddable":true,"href":"https:\/\/shop.critdor.com\/es\/wp-json\/wp\/v2\/product_brand?post=636"},{"taxonomy":"product_cat","embeddable":true,"href":"https:\/\/shop.critdor.com\/es\/wp-json\/wp\/v2\/product_cat?post=636"},{"taxonomy":"product_tag","embeddable":true,"href":"https:\/\/shop.critdor.com\/es\/wp-json\/wp\/v2\/product_tag?post=636"}],"curies":[{"name":"wp","href":"https:\/\/api.w.org\/{rel}","templated":true}]}}