{"id":651,"date":"2025-05-20T17:24:50","date_gmt":"2025-05-20T17:24:50","guid":{"rendered":"https:\/\/shop.critdor.com\/producte\/almendra-garrapinada\/"},"modified":"2025-09-17T10:08:04","modified_gmt":"2025-09-17T10:08:04","slug":"almendra-garrapinada","status":"publish","type":"product","link":"https:\/\/shop.critdor.com\/es\/producto\/almendra-garrapinada\/","title":{"rendered":"Almendra garrapi\u00f1ada"},"content":{"rendered":"<p>Elaborada artesanalmente en bombo y llama debajo, con mayor cantidad de almendra que az\u00facar. Bolsa de 100g o bote de vidrio envasado al vac\u00edo de 500g. <\/p>\n","protected":false},"excerpt":{"rendered":"<p>Elaborada artesanalmente en bombo y llama debajo, con mayor cantidad de almendra que az\u00facar. Bolsa de 100g o bote de vidrio envasado al vac\u00edo de 500g. <\/p>\n","protected":false},"featured_media":560,"template":"","meta":{"_acf_changed":false},"product_brand":[],"product_cat":[64,67],"product_tag":[],"class_list":{"0":"post-651","1":"product","2":"type-product","3":"status-publish","4":"has-post-thumbnail","6":"product_cat-caramelizados","7":"product_cat-garrapinados","8":"sales-flash-overlay","9":"woocommerce-text-align-center","10":"woocommerce-image-align-center","11":"do-quantity-buttons","13":"first","14":"instock","15":"taxable","16":"shipping-taxable","17":"purchasable","18":"product-type-variable","19":"has-default-attributes"},"acf":[],"_links":{"self":[{"href":"https:\/\/shop.critdor.com\/es\/wp-json\/wp\/v2\/product\/651","targetHints":{"allow":["GET"]}}],"collection":[{"href":"https:\/\/shop.critdor.com\/es\/wp-json\/wp\/v2\/product"}],"about":[{"href":"https:\/\/shop.critdor.com\/es\/wp-json\/wp\/v2\/types\/product"}],"wp:featuredmedia":[{"embeddable":true,"href":"https:\/\/shop.critdor.com\/es\/wp-json\/wp\/v2\/media\/560"}],"wp:attachment":[{"href":"https:\/\/shop.critdor.com\/es\/wp-json\/wp\/v2\/media?parent=651"}],"wp:term":[{"taxonomy":"product_brand","embeddable":true,"href":"https:\/\/shop.critdor.com\/es\/wp-json\/wp\/v2\/product_brand?post=651"},{"taxonomy":"product_cat","embeddable":true,"href":"https:\/\/shop.critdor.com\/es\/wp-json\/wp\/v2\/product_cat?post=651"},{"taxonomy":"product_tag","embeddable":true,"href":"https:\/\/shop.critdor.com\/es\/wp-json\/wp\/v2\/product_tag?post=651"}],"curies":[{"name":"wp","href":"https:\/\/api.w.org\/{rel}","templated":true}]}}