{"id":656,"date":"2025-05-20T17:36:46","date_gmt":"2025-05-20T17:36:46","guid":{"rendered":"https:\/\/shop.critdor.com\/producte\/cacahuete-garrapinado\/"},"modified":"2025-05-20T17:36:46","modified_gmt":"2025-05-20T17:36:46","slug":"cacahuete-garrapinado","status":"publish","type":"product","link":"https:\/\/shop.critdor.com\/es\/producto\/cacahuete-garrapinado\/","title":{"rendered":"Cacahuete garrapi\u00f1ado"},"content":{"rendered":"<p>Elaborado artesanalmente en bombo y llama debajo, con m\u00e1s cantidad de cacahuete que az\u00facar. Bolsa de 100g.<\/p>\n","protected":false},"excerpt":{"rendered":"<p>Elaborado artesanalmente en bombo y llama debajo, con m\u00e1s cantidad de cacahuete que az\u00facar. Bolsa de 100g.<\/p>\n","protected":false},"featured_media":566,"template":"","meta":{"_acf_changed":false},"product_brand":[],"product_cat":[64,67],"product_tag":[],"class_list":{"0":"post-656","1":"product","2":"type-product","3":"status-publish","4":"has-post-thumbnail","6":"product_cat-caramelizados","7":"product_cat-garrapinados","8":"sales-flash-overlay","9":"woocommerce-text-align-center","10":"woocommerce-image-align-center","11":"do-quantity-buttons","13":"first","14":"instock","15":"taxable","16":"shipping-taxable","17":"purchasable","18":"product-type-simple"},"acf":[],"_links":{"self":[{"href":"https:\/\/shop.critdor.com\/es\/wp-json\/wp\/v2\/product\/656","targetHints":{"allow":["GET"]}}],"collection":[{"href":"https:\/\/shop.critdor.com\/es\/wp-json\/wp\/v2\/product"}],"about":[{"href":"https:\/\/shop.critdor.com\/es\/wp-json\/wp\/v2\/types\/product"}],"wp:featuredmedia":[{"embeddable":true,"href":"https:\/\/shop.critdor.com\/es\/wp-json\/wp\/v2\/media\/566"}],"wp:attachment":[{"href":"https:\/\/shop.critdor.com\/es\/wp-json\/wp\/v2\/media?parent=656"}],"wp:term":[{"taxonomy":"product_brand","embeddable":true,"href":"https:\/\/shop.critdor.com\/es\/wp-json\/wp\/v2\/product_brand?post=656"},{"taxonomy":"product_cat","embeddable":true,"href":"https:\/\/shop.critdor.com\/es\/wp-json\/wp\/v2\/product_cat?post=656"},{"taxonomy":"product_tag","embeddable":true,"href":"https:\/\/shop.critdor.com\/es\/wp-json\/wp\/v2\/product_tag?post=656"}],"curies":[{"name":"wp","href":"https:\/\/api.w.org\/{rel}","templated":true}]}}