{"id":660,"date":"2025-05-20T16:21:55","date_gmt":"2025-05-20T16:21:55","guid":{"rendered":"https:\/\/shop.critdor.com\/producte\/nueces-caramelizadas\/"},"modified":"2025-05-20T16:21:55","modified_gmt":"2025-05-20T16:21:55","slug":"nueces-caramelizadas","status":"publish","type":"product","link":"https:\/\/shop.critdor.com\/es\/producto\/nueces-caramelizadas\/","title":{"rendered":"Nueces caramelizadas"},"content":{"rendered":"<p>Elaboradas artesanalmente con una fin\u00edsima capa de az\u00facar y miel. Tarro de cristal envasado al vac\u00edo de 80g.<\/p>\n","protected":false},"excerpt":{"rendered":"<p>Elaboradas artesanalmente con una fin\u00edsima capa de az\u00facar y miel. Tarro de cristal envasado al vac\u00edo de 80g.<\/p>\n","protected":false},"featured_media":550,"template":"","meta":{"_acf_changed":false},"product_brand":[],"product_cat":[64,65],"product_tag":[],"class_list":{"0":"post-660","1":"product","2":"type-product","3":"status-publish","4":"has-post-thumbnail","6":"product_cat-caramelizados","7":"product_cat-caramelizados-caramelizados","8":"sales-flash-overlay","9":"woocommerce-text-align-center","10":"woocommerce-image-align-center","11":"do-quantity-buttons","13":"first","14":"instock","15":"taxable","16":"shipping-taxable","17":"purchasable","18":"product-type-simple"},"acf":[],"_links":{"self":[{"href":"https:\/\/shop.critdor.com\/es\/wp-json\/wp\/v2\/product\/660","targetHints":{"allow":["GET"]}}],"collection":[{"href":"https:\/\/shop.critdor.com\/es\/wp-json\/wp\/v2\/product"}],"about":[{"href":"https:\/\/shop.critdor.com\/es\/wp-json\/wp\/v2\/types\/product"}],"wp:featuredmedia":[{"embeddable":true,"href":"https:\/\/shop.critdor.com\/es\/wp-json\/wp\/v2\/media\/550"}],"wp:attachment":[{"href":"https:\/\/shop.critdor.com\/es\/wp-json\/wp\/v2\/media?parent=660"}],"wp:term":[{"taxonomy":"product_brand","embeddable":true,"href":"https:\/\/shop.critdor.com\/es\/wp-json\/wp\/v2\/product_brand?post=660"},{"taxonomy":"product_cat","embeddable":true,"href":"https:\/\/shop.critdor.com\/es\/wp-json\/wp\/v2\/product_cat?post=660"},{"taxonomy":"product_tag","embeddable":true,"href":"https:\/\/shop.critdor.com\/es\/wp-json\/wp\/v2\/product_tag?post=660"}],"curies":[{"name":"wp","href":"https:\/\/api.w.org\/{rel}","templated":true}]}}