{"id":668,"date":"2025-05-20T17:14:24","date_gmt":"2025-05-20T17:14:24","guid":{"rendered":"https:\/\/shop.critdor.com\/producte\/sesamo-caramelizado\/"},"modified":"2025-09-17T17:26:21","modified_gmt":"2025-09-17T17:26:21","slug":"sesamo-caramelizado","status":"publish","type":"product","link":"https:\/\/shop.critdor.com\/es\/producto\/sesamo-caramelizado\/","title":{"rendered":"S\u00e9samo caramelizado"},"content":{"rendered":"<p>Elaborado artesanalmente con una fin\u00edsima capa de az\u00facar y miel. Ideal para rebozar salm\u00f3n ahumado o marinado, sopas, canap\u00e9s de foie, tataqui de at\u00fan,&#8230; Tarro de cristal envasado al vac\u00edo.<\/p>\n","protected":false},"excerpt":{"rendered":"<p>Elaborado artesanalmente con una fin\u00edsima capa de az\u00facar y miel. Ideal para rebozar salm\u00f3n ahumado o marinado, sopas, canap\u00e9s de foie, tataqui de at\u00fan,&#8230; Tarro de cristal envasado al vac\u00edo.<\/p>\n","protected":false},"featured_media":558,"template":"","meta":{"_acf_changed":false},"product_brand":[],"product_cat":[64,65],"product_tag":[],"class_list":{"0":"post-668","1":"product","2":"type-product","3":"status-publish","4":"has-post-thumbnail","6":"product_cat-caramelizados","7":"product_cat-caramelizados-caramelizados","8":"sales-flash-overlay","9":"woocommerce-text-align-center","10":"woocommerce-image-align-center","11":"do-quantity-buttons","13":"first","14":"instock","15":"taxable","16":"shipping-taxable","17":"purchasable","18":"product-type-variable","19":"has-default-attributes"},"acf":[],"_links":{"self":[{"href":"https:\/\/shop.critdor.com\/es\/wp-json\/wp\/v2\/product\/668","targetHints":{"allow":["GET"]}}],"collection":[{"href":"https:\/\/shop.critdor.com\/es\/wp-json\/wp\/v2\/product"}],"about":[{"href":"https:\/\/shop.critdor.com\/es\/wp-json\/wp\/v2\/types\/product"}],"wp:featuredmedia":[{"embeddable":true,"href":"https:\/\/shop.critdor.com\/es\/wp-json\/wp\/v2\/media\/558"}],"wp:attachment":[{"href":"https:\/\/shop.critdor.com\/es\/wp-json\/wp\/v2\/media?parent=668"}],"wp:term":[{"taxonomy":"product_brand","embeddable":true,"href":"https:\/\/shop.critdor.com\/es\/wp-json\/wp\/v2\/product_brand?post=668"},{"taxonomy":"product_cat","embeddable":true,"href":"https:\/\/shop.critdor.com\/es\/wp-json\/wp\/v2\/product_cat?post=668"},{"taxonomy":"product_tag","embeddable":true,"href":"https:\/\/shop.critdor.com\/es\/wp-json\/wp\/v2\/product_tag?post=668"}],"curies":[{"name":"wp","href":"https:\/\/api.w.org\/{rel}","templated":true}]}}