{"id":679,"date":"2025-05-20T19:17:45","date_gmt":"2025-05-20T19:17:45","guid":{"rendered":"https:\/\/shop.critdor.com\/producte\/vela-numero-de-chocolate-negro-del-70\/"},"modified":"2025-05-20T19:17:45","modified_gmt":"2025-05-20T19:17:45","slug":"vela-numero-de-chocolate-negro-del-70","status":"publish","type":"product","link":"https:\/\/shop.critdor.com\/es\/producto\/vela-numero-de-chocolate-negro-del-70\/","title":{"rendered":"Vela n\u00famero de chocolate negro del 70%"},"content":{"rendered":"<p><strong>ESTE PRODUCTO NO SE ENV\u00cdA. SOLO DISPONIBLE PARA RECOGIDA EN TIENDA.<\/strong><\/p>\n<p>Una vela de impacto. El n\u00famero mide 10 cm, 15 con la vela. Sopla las velas y saborea el n\u00famero del mejor chocolate negro 70% cacao m\u00edn.<\/p>\n","protected":false},"excerpt":{"rendered":"<p><strong>ESTE PRODUCTO NO SE ENV\u00cdA. SOLO DISPONIBLE PARA RECOGIDA EN TIENDA.<\/strong><\/p>\n<p>Una vela de impacto. El n\u00famero mide 10 cm, 15 con la vela. Sopla las velas y saborea el n\u00famero del mejor chocolate negro 70% cacao m\u00edn.<\/p>\n","protected":false},"featured_media":574,"template":"","meta":{"_acf_changed":false},"product_brand":[],"product_cat":[82],"product_tag":[],"class_list":{"0":"post-679","1":"product","2":"type-product","3":"status-publish","4":"has-post-thumbnail","6":"product_cat-uncategorized-es","7":"sales-flash-overlay","8":"woocommerce-text-align-center","9":"woocommerce-image-align-center","10":"do-quantity-buttons","12":"first","13":"instock","14":"taxable","15":"shipping-taxable","16":"purchasable","17":"product-type-variable"},"acf":[],"_links":{"self":[{"href":"https:\/\/shop.critdor.com\/es\/wp-json\/wp\/v2\/product\/679","targetHints":{"allow":["GET"]}}],"collection":[{"href":"https:\/\/shop.critdor.com\/es\/wp-json\/wp\/v2\/product"}],"about":[{"href":"https:\/\/shop.critdor.com\/es\/wp-json\/wp\/v2\/types\/product"}],"wp:featuredmedia":[{"embeddable":true,"href":"https:\/\/shop.critdor.com\/es\/wp-json\/wp\/v2\/media\/574"}],"wp:attachment":[{"href":"https:\/\/shop.critdor.com\/es\/wp-json\/wp\/v2\/media?parent=679"}],"wp:term":[{"taxonomy":"product_brand","embeddable":true,"href":"https:\/\/shop.critdor.com\/es\/wp-json\/wp\/v2\/product_brand?post=679"},{"taxonomy":"product_cat","embeddable":true,"href":"https:\/\/shop.critdor.com\/es\/wp-json\/wp\/v2\/product_cat?post=679"},{"taxonomy":"product_tag","embeddable":true,"href":"https:\/\/shop.critdor.com\/es\/wp-json\/wp\/v2\/product_tag?post=679"}],"curies":[{"name":"wp","href":"https:\/\/api.w.org\/{rel}","templated":true}]}}