{"id":702,"date":"2025-05-21T09:42:53","date_gmt":"2025-05-21T09:42:53","guid":{"rendered":"https:\/\/shop.critdor.com\/producte\/chocolate-a-la-taza\/"},"modified":"2026-04-17T08:43:10","modified_gmt":"2026-04-17T08:43:10","slug":"chocolate-a-la-taza","status":"publish","type":"product","link":"https:\/\/shop.critdor.com\/es\/producto\/chocolate-a-la-taza\/","title":{"rendered":"Chocolate a la taza"},"content":{"rendered":"<p>Podr\u00e1s preparar el chocolate a la taza m\u00e1s intenso y sedoso. Ideal para los m\u00e1s chocolateros.<\/p>\n","protected":false},"excerpt":{"rendered":"<p>Podr\u00e1s preparar el chocolate a la taza m\u00e1s intenso y sedoso. Ideal para los m\u00e1s chocolateros.<\/p>\n","protected":false},"featured_media":584,"template":"","meta":{"_acf_changed":false},"product_brand":[],"product_cat":[83],"product_tag":[],"class_list":{"0":"post-702","1":"product","2":"type-product","3":"status-publish","4":"has-post-thumbnail","6":"product_cat-chocolate-a-la-taza","7":"sales-flash-overlay","8":"woocommerce-text-align-center","9":"woocommerce-image-align-center","10":"do-quantity-buttons","12":"first","13":"instock","14":"taxable","15":"shipping-taxable","16":"purchasable","17":"product-type-simple"},"acf":[],"_links":{"self":[{"href":"https:\/\/shop.critdor.com\/es\/wp-json\/wp\/v2\/product\/702","targetHints":{"allow":["GET"]}}],"collection":[{"href":"https:\/\/shop.critdor.com\/es\/wp-json\/wp\/v2\/product"}],"about":[{"href":"https:\/\/shop.critdor.com\/es\/wp-json\/wp\/v2\/types\/product"}],"wp:featuredmedia":[{"embeddable":true,"href":"https:\/\/shop.critdor.com\/es\/wp-json\/wp\/v2\/media\/584"}],"wp:attachment":[{"href":"https:\/\/shop.critdor.com\/es\/wp-json\/wp\/v2\/media?parent=702"}],"wp:term":[{"taxonomy":"product_brand","embeddable":true,"href":"https:\/\/shop.critdor.com\/es\/wp-json\/wp\/v2\/product_brand?post=702"},{"taxonomy":"product_cat","embeddable":true,"href":"https:\/\/shop.critdor.com\/es\/wp-json\/wp\/v2\/product_cat?post=702"},{"taxonomy":"product_tag","embeddable":true,"href":"https:\/\/shop.critdor.com\/es\/wp-json\/wp\/v2\/product_tag?post=702"}],"curies":[{"name":"wp","href":"https:\/\/api.w.org\/{rel}","templated":true}]}}